{"id":13,"date":"2014-07-01T09:20:05","date_gmt":"2014-07-01T07:20:05","guid":{"rendered":"http:\/\/www.ls-system.cz\/?page_id=13"},"modified":"2023-09-20T23:48:48","modified_gmt":"2023-09-20T21:48:48","slug":"home","status":"publish","type":"page","link":"https:\/\/www.ls-system.cz\/","title":{"rendered":"Instalace a servis slaboproud\u00fdch syst\u00e9m\u016f"},"content":{"rendered":"<p style=\"text-align: left;\"><a title=\"CCTV\" href=\"http:\/\/www.ls-system.cz\/?page_id=19\">CCTV<\/a>\u00a0&#8211; Kamerov\u00e9 syst\u00e9my<\/p>\n<p><a title=\"EPS\" href=\"http:\/\/www.ls-system.cz\/?page_id=17\">EPS<\/a>\u00a0&#8211; Elektronick\u00e1 po\u017e\u00e1rn\u00ed signalizace<\/p>\n<p><a title=\"EZS\" href=\"http:\/\/www.ls-system.cz\/?page_id=15\">EZS<\/a>\u00a0&#8211; Elektronick\u00e1 zabezpe\u010dovac\u00ed signalizace<\/p>\n<p><a title=\"PC syst\u00e9my\" href=\"http:\/\/www.ls-system.cz\/?page_id=91\">PC syst\u00e9my<\/a> &#8211; po\u010d\u00edta\u010de, periferie, datov\u00e9 s\u00edt\u011b<\/p>\n<p><a title=\"Telekomunikace\" href=\"http:\/\/www.ls-system.cz\/?page_id=21\">Telekomunikace<\/a> &#8211; dr\u00e1tov\u00e9 i bezdr\u00e1tov\u00e9 technologie<\/p>\n<p>&nbsp;<\/p>\n<p><a title=\"V\u00fdpis z ve\u0159ejn\u00e9 \u010d\u00e1sti \u017divnostensk\u00e9ho rejst\u0159\u00edku\" href=\"http:\/\/www.ls-system.cz\/?page_id=64\" target=\"_blank\" rel=\"noopener noreferrer\">\u00a0<\/a><\/p>\n<p>&nbsp;<\/p>\n<p>&nbsp;<\/p>\n<p>&nbsp;<\/p>\n<p>&nbsp;<\/p>\n<p>&nbsp;<\/p>\n","protected":false},"excerpt":{"rendered":"<p>CCTV\u00a0&#8211; Kamerov\u00e9 syst\u00e9my EPS\u00a0&#8211; Elektronick\u00e1 po\u017e\u00e1rn\u00ed signalizace EZS\u00a0&#8211; Elektronick\u00e1 zabezpe\u010dovac\u00ed signalizace PC syst\u00e9my &#8211; po\u010d\u00edta\u010de, periferie, datov\u00e9 s\u00edt\u011b Telekomunikace &#8211; dr\u00e1tov\u00e9 i bezdr\u00e1tov\u00e9 technologie &nbsp; \u00a0 &nbsp; &nbsp; &nbsp; &nbsp; &nbsp;<\/p>\n","protected":false},"author":1,"featured_media":0,"parent":0,"menu_order":1,"comment_status":"closed","ping_status":"open","template":"","meta":{"footnotes":""},"_links":{"self":[{"href":"https:\/\/www.ls-system.cz\/index.php?rest_route=\/wp\/v2\/pages\/13"}],"collection":[{"href":"https:\/\/www.ls-system.cz\/index.php?rest_route=\/wp\/v2\/pages"}],"about":[{"href":"https:\/\/www.ls-system.cz\/index.php?rest_route=\/wp\/v2\/types\/page"}],"author":[{"embeddable":true,"href":"https:\/\/www.ls-system.cz\/index.php?rest_route=\/wp\/v2\/users\/1"}],"replies":[{"embeddable":true,"href":"https:\/\/www.ls-system.cz\/index.php?rest_route=%2Fwp%2Fv2%2Fcomments&post=13"}],"version-history":[{"count":79,"href":"https:\/\/www.ls-system.cz\/index.php?rest_route=\/wp\/v2\/pages\/13\/revisions"}],"predecessor-version":[{"id":391,"href":"https:\/\/www.ls-system.cz\/index.php?rest_route=\/wp\/v2\/pages\/13\/revisions\/391"}],"wp:attachment":[{"href":"https:\/\/www.ls-system.cz\/index.php?rest_route=%2Fwp%2Fv2%2Fmedia&parent=13"}],"curies":[{"name":"wp","href":"https:\/\/api.w.org\/{rel}","templated":true}]}}