{"id":21,"date":"2014-07-01T09:28:17","date_gmt":"2014-07-01T07:28:17","guid":{"rendered":"http:\/\/www.ls-system.cz\/?page_id=21"},"modified":"2023-09-20T23:44:08","modified_gmt":"2023-09-20T21:44:08","slug":"telekomunikace","status":"publish","type":"page","link":"https:\/\/www.ls-system.cz\/?page_id=21","title":{"rendered":"Telekomunikace"},"content":{"rendered":"<p>Telekomunikace jsou nezbytn\u00fdm p\u0159edpokladem pro kvalitn\u00ed \u0159\u00edzen\u00ed a integrov\u00e1n\u00ed v\u0161ech zm\u00edn\u011bn\u00fdch syst\u00e9m\u016f a rozvod\u016f. Pod pojmem \u201etelekomunikace\u201c rozum\u00edme propojen\u00ed jednotliv\u00fdch lokalit a syst\u00e9m\u016f v r\u00e1mci budov, m\u011bst a instituc\u00ed. Podm\u00ednkou pro ovl\u00e1d\u00e1n\u00ed a monitoring na d\u00e1lku je optim\u00e1ln\u00ed vy\u0159e\u0161en\u00ed syst\u00e9mu p\u0159enosu dat pou\u017eit\u00edm dan\u00fdch technologi\u00ed (bezdr\u00e1t, metalika, optika).<\/p>\n<p><a href=\"http:\/\/www.ls-system.cz\/wp-content\/uploads\/2014\/07\/Fotografie0293.jpg\"><img decoding=\"async\" loading=\"lazy\" class=\"wp-image-53 alignright\" src=\"http:\/\/www.ls-system.cz\/wp-content\/uploads\/2014\/07\/Fotografie0293-300x225.jpg\" alt=\"Fotografie0293\" width=\"227\" height=\"170\" srcset=\"https:\/\/www.ls-system.cz\/wp-content\/uploads\/2014\/07\/Fotografie0293-300x225.jpg 300w, https:\/\/www.ls-system.cz\/wp-content\/uploads\/2014\/07\/Fotografie0293-1024x768.jpg 1024w, https:\/\/www.ls-system.cz\/wp-content\/uploads\/2014\/07\/Fotografie0293.jpg 2048w\" sizes=\"(max-width: 227px) 100vw, 227px\" \/><\/a><\/p>\n<p><a href=\"http:\/\/www.ls-system.cz\/wp-content\/uploads\/2014\/07\/PC021132.jpg\"><img decoding=\"async\" loading=\"lazy\" class=\" wp-image-285 alignleft\" src=\"http:\/\/www.ls-system.cz\/wp-content\/uploads\/2014\/07\/PC021132-300x224.jpg\" alt=\"\" width=\"230\" height=\"172\" srcset=\"https:\/\/www.ls-system.cz\/wp-content\/uploads\/2014\/07\/PC021132-300x224.jpg 300w, https:\/\/www.ls-system.cz\/wp-content\/uploads\/2014\/07\/PC021132-1024x768.jpg 1024w\" sizes=\"(max-width: 230px) 100vw, 230px\" \/><\/a><\/p>\n<p>&nbsp;<\/p>\n<p>&nbsp;<\/p>\n<p>&nbsp;<\/p>\n<p>&nbsp;<\/p>\n<p>&nbsp;<\/p>\n<p>&nbsp;<\/p>\n<p>&nbsp;<\/p>\n<div class=\"text\">\u00a0<\/div>\n<p>&nbsp;<\/p>\n\n\n<figure class=\"wp-block-gallery has-nested-images columns-default is-cropped wp-block-gallery-1 is-layout-flex wp-block-gallery-is-layout-flex\"><\/figure>\n","protected":false},"excerpt":{"rendered":"<p>Telekomunikace jsou nezbytn\u00fdm p\u0159edpokladem pro kvalitn\u00ed \u0159\u00edzen\u00ed a integrov\u00e1n\u00ed v\u0161ech zm\u00edn\u011bn\u00fdch syst\u00e9m\u016f a rozvod\u016f. Pod pojmem \u201etelekomunikace\u201c rozum\u00edme propojen\u00ed jednotliv\u00fdch lokalit a syst\u00e9m\u016f v r\u00e1mci budov, m\u011bst a instituc\u00ed. Podm\u00ednkou pro ovl\u00e1d\u00e1n\u00ed a monitoring na d\u00e1lku je optim\u00e1ln\u00ed vy\u0159e\u0161en\u00ed syst\u00e9mu p\u0159enosu dat pou\u017eit\u00edm dan\u00fdch technologi\u00ed (bezdr\u00e1t, metalika, optika). &nbsp; &nbsp; &nbsp; &nbsp; &nbsp; &nbsp; &nbsp; &hellip; <a href=\"https:\/\/www.ls-system.cz\/?page_id=21\" class=\"more-link\">Pokra\u010dov\u00e1n\u00ed textu <span class=\"screen-reader-text\">Telekomunikace<\/span> <span class=\"meta-nav\">&rarr;<\/span><\/a><\/p>\n","protected":false},"author":1,"featured_media":0,"parent":0,"menu_order":0,"comment_status":"closed","ping_status":"open","template":"","meta":{"footnotes":""},"_links":{"self":[{"href":"https:\/\/www.ls-system.cz\/index.php?rest_route=\/wp\/v2\/pages\/21"}],"collection":[{"href":"https:\/\/www.ls-system.cz\/index.php?rest_route=\/wp\/v2\/pages"}],"about":[{"href":"https:\/\/www.ls-system.cz\/index.php?rest_route=\/wp\/v2\/types\/page"}],"author":[{"embeddable":true,"href":"https:\/\/www.ls-system.cz\/index.php?rest_route=\/wp\/v2\/users\/1"}],"replies":[{"embeddable":true,"href":"https:\/\/www.ls-system.cz\/index.php?rest_route=%2Fwp%2Fv2%2Fcomments&post=21"}],"version-history":[{"count":24,"href":"https:\/\/www.ls-system.cz\/index.php?rest_route=\/wp\/v2\/pages\/21\/revisions"}],"predecessor-version":[{"id":389,"href":"https:\/\/www.ls-system.cz\/index.php?rest_route=\/wp\/v2\/pages\/21\/revisions\/389"}],"wp:attachment":[{"href":"https:\/\/www.ls-system.cz\/index.php?rest_route=%2Fwp%2Fv2%2Fmedia&parent=21"}],"curies":[{"name":"wp","href":"https:\/\/api.w.org\/{rel}","templated":true}]}}